{"id":344,"date":"2016-02-02T17:16:10","date_gmt":"2016-02-02T16:16:10","guid":{"rendered":"http:\/\/karinthomas.eu\/?page_id=344"},"modified":"2016-02-02T17:30:22","modified_gmt":"2016-02-02T16:30:22","slug":"galerie","status":"publish","type":"page","link":"https:\/\/karinthomas.eu\/?page_id=344","title":{"rendered":"Galerie"},"content":{"rendered":"<h1>Galerie<\/h1>\n<table>\n<tbody>\n<tr>\n<td>\n<p><div id=\"attachment_193\" style=\"width: 310px\" class=\"wp-caption aligncenter\"><a href=\"https:\/\/karinthomas.eu\/wp-content\/uploads\/2016\/02\/9-gl-Thomas-3741.jpg\"  rel=\"lightbox[344] attachment wp-att-193\"><img aria-describedby=\"caption-attachment-193\" loading=\"lazy\" class=\"size-medium wp-image-193\" src=\"https:\/\/karinthomas.eu\/wp-content\/uploads\/2016\/02\/9-gl-Thomas-3741-300x234.jpg\" alt=\"1971 \u201eBis heute\u201c auf dem K\u00f6lner Kunstmarkt Foto: DuMont-Verlagsarchiv\" width=\"300\" height=\"234\" srcset=\"https:\/\/karinthomas.eu\/wp-content\/uploads\/2016\/02\/9-gl-Thomas-3741-300x234.jpg 300w, https:\/\/karinthomas.eu\/wp-content\/uploads\/2016\/02\/9-gl-Thomas-3741.jpg 600w\" sizes=\"(max-width: 300px) 100vw, 300px\" \/><\/a><p id=\"caption-attachment-193\" class=\"wp-caption-text\">1971 \u201eBis heute\u201c auf dem K\u00f6lner Kunstmarkt<br \/>Foto: DuMont-Verlagsarchiv<\/p><\/div><\/td>\n<\/tr>\n<tr>\n<td>\n<p><div id=\"attachment_171\" style=\"width: 310px\" class=\"wp-caption aligncenter\"><a href=\"https:\/\/karinthomas.eu\/wp-content\/uploads\/2016\/02\/9-1-im-Bild2-3284.jpg\"  rel=\"lightbox[344] attachment wp-att-171\"><img aria-describedby=\"caption-attachment-171\" loading=\"lazy\" class=\"size-medium wp-image-171\" src=\"https:\/\/karinthomas.eu\/wp-content\/uploads\/2016\/02\/9-1-im-Bild2-3284-300x222.jpg\" alt=\"1981 Joseph Beuys signiert im DuMont Verlag die Taschenbuchausgabe seiner Monografie Foto: DuMont-Verlagsarchiv \" width=\"300\" height=\"222\" srcset=\"https:\/\/karinthomas.eu\/wp-content\/uploads\/2016\/02\/9-1-im-Bild2-3284-300x222.jpg 300w, https:\/\/karinthomas.eu\/wp-content\/uploads\/2016\/02\/9-1-im-Bild2-3284.jpg 600w\" sizes=\"(max-width: 300px) 100vw, 300px\" \/><\/a><p id=\"caption-attachment-171\" class=\"wp-caption-text\">1981 Joseph Beuys signiert im DuMont Verlag die Taschenbuchausgabe seiner Monografie<br \/>Foto: DuMont-Verlagsarchiv<\/p><\/div><\/td>\n<\/tr>\n<tr>\n<td>\n<p><div id=\"attachment_199\" style=\"width: 310px\" class=\"wp-caption aligncenter\"><a href=\"https:\/\/karinthomas.eu\/wp-content\/uploads\/2016\/02\/9-gl-Thomas-7031.jpg\"  rel=\"lightbox[344] attachment wp-att-199\"><img aria-describedby=\"caption-attachment-199\" loading=\"lazy\" class=\"size-medium wp-image-199\" src=\"https:\/\/karinthomas.eu\/wp-content\/uploads\/2016\/02\/9-gl-Thomas-7031-300x221.jpg\" alt=\"1991 Er\u00f6ffnung der Ausstellung \u201eTradition und Avantgarde in Prag\u201c in der Kunsthalle Dominikanerkirche Osnabr\u00fcck, rechts: Ji\u0159\u00ed Gru\u0161a, Botschafter der Tschechoslowakei Foto: privat\" width=\"300\" height=\"221\" srcset=\"https:\/\/karinthomas.eu\/wp-content\/uploads\/2016\/02\/9-gl-Thomas-7031-300x221.jpg 300w, https:\/\/karinthomas.eu\/wp-content\/uploads\/2016\/02\/9-gl-Thomas-7031.jpg 600w\" sizes=\"(max-width: 300px) 100vw, 300px\" \/><\/a><p id=\"caption-attachment-199\" class=\"wp-caption-text\">1991 Er\u00f6ffnung der Ausstellung \u201eTradition und Avantgarde in Prag\u201c in der Kunsthalle Dominikanerkirche Osnabr\u00fcck, rechts: Ji\u0159\u00ed Gru\u0161a, Botschafter der Tschechoslowakei<br \/>Foto: privat<\/p><\/div><\/td>\n<\/tr>\n<tr>\n<td>\n<p><div id=\"attachment_175\" style=\"width: 310px\" class=\"wp-caption aligncenter\"><a href=\"https:\/\/karinthomas.eu\/wp-content\/uploads\/2016\/02\/9-2-im-Bild1-2961.jpg\"  rel=\"lightbox[344] attachment wp-att-175\"><img aria-describedby=\"caption-attachment-175\" loading=\"lazy\" class=\"size-medium wp-image-175\" src=\"https:\/\/karinthomas.eu\/wp-content\/uploads\/2016\/02\/9-2-im-Bild1-2961-300x199.jpg\" alt=\"2002 Ausstellungser\u00f6ffnung im Leipziger Gewandhaus am 24. Oktober mit Eckhart Gillen (links), Christa und Gerhard Wolf (rechts) Foto: Gerhard G\u00e4bler\" width=\"300\" height=\"199\" srcset=\"https:\/\/karinthomas.eu\/wp-content\/uploads\/2016\/02\/9-2-im-Bild1-2961-300x199.jpg 300w, https:\/\/karinthomas.eu\/wp-content\/uploads\/2016\/02\/9-2-im-Bild1-2961.jpg 600w\" sizes=\"(max-width: 300px) 100vw, 300px\" \/><\/a><p id=\"caption-attachment-175\" class=\"wp-caption-text\">2002 Ausstellungser\u00f6ffnung im Leipziger Gewandhaus am 24. Oktober mit Eckhart Gillen (links), Christa und Gerhard Wolf (rechts)<br \/>Foto: Gerhard G\u00e4bler<\/p><\/div><\/td>\n<\/tr>\n<tr>\n<td>\n<p><div id=\"attachment_195\" style=\"width: 310px\" class=\"wp-caption aligncenter\"><a href=\"https:\/\/karinthomas.eu\/wp-content\/uploads\/2016\/02\/9-gl-Thomas-4747.jpg\"  rel=\"lightbox[344] attachment wp-att-195\"><img aria-describedby=\"caption-attachment-195\" loading=\"lazy\" class=\"size-medium wp-image-195\" src=\"https:\/\/karinthomas.eu\/wp-content\/uploads\/2016\/02\/9-gl-Thomas-4747-300x288.jpg\" alt=\"2002 Christa Wolf liest ihren Text \u201eNagelprobe\u201c zu G\u00fcnther Uecker im Leipziger Gewandhaus, mit Uecker im Mendelssohn-Saal Foto: Gerhard G\u00e4bler \" width=\"300\" height=\"288\" srcset=\"https:\/\/karinthomas.eu\/wp-content\/uploads\/2016\/02\/9-gl-Thomas-4747-300x288.jpg 300w, https:\/\/karinthomas.eu\/wp-content\/uploads\/2016\/02\/9-gl-Thomas-4747.jpg 600w\" sizes=\"(max-width: 300px) 100vw, 300px\" \/><\/a><p id=\"caption-attachment-195\" class=\"wp-caption-text\">2002 Christa Wolf liest ihren Text \u201eNagelprobe\u201c zu G\u00fcnther Uecker im Leipziger Gewandhaus, mit Uecker im Mendelssohn-Saal<br \/>Foto: Gerhard G\u00e4bler<\/p><\/div><\/td>\n<\/tr>\n<tr>\n<td>\n<p><div id=\"attachment_207\" style=\"width: 197px\" class=\"wp-caption aligncenter\"><a href=\"https:\/\/karinthomas.eu\/wp-content\/uploads\/2016\/02\/9-gl-Thomas-9448.jpg\"  rel=\"lightbox[344] attachment wp-att-207\"><img aria-describedby=\"caption-attachment-207\" loading=\"lazy\" class=\"size-medium wp-image-207\" src=\"https:\/\/karinthomas.eu\/wp-content\/uploads\/2016\/02\/9-gl-Thomas-9448-187x300.jpg\" alt=\"2006 Arbeit am \u201eBildatlas Kunst\u201c Foto: privat\" width=\"187\" height=\"300\" srcset=\"https:\/\/karinthomas.eu\/wp-content\/uploads\/2016\/02\/9-gl-Thomas-9448-187x300.jpg 187w, https:\/\/karinthomas.eu\/wp-content\/uploads\/2016\/02\/9-gl-Thomas-9448.jpg 374w\" sizes=\"(max-width: 187px) 100vw, 187px\" \/><\/a><p id=\"caption-attachment-207\" class=\"wp-caption-text\">2006 Arbeit am \u201eBildatlas Kunst\u201c<br \/>Foto: privat<\/p><\/div><\/td>\n<\/tr>\n<tr>\n<td>\n<p><div id=\"attachment_191\" style=\"width: 310px\" class=\"wp-caption aligncenter\"><a href=\"https:\/\/karinthomas.eu\/wp-content\/uploads\/2016\/02\/9-gl-Thomas-2093.jpg\"  rel=\"lightbox[344] attachment wp-att-191\"><img aria-describedby=\"caption-attachment-191\" loading=\"lazy\" class=\"size-medium wp-image-191\" src=\"https:\/\/karinthomas.eu\/wp-content\/uploads\/2016\/02\/9-gl-Thomas-2093-300x292.jpg\" alt=\"2006 Im Arch\u00e4ologischen Nationalmuseum Athen Foto: privat\" width=\"300\" height=\"292\" srcset=\"https:\/\/karinthomas.eu\/wp-content\/uploads\/2016\/02\/9-gl-Thomas-2093-300x292.jpg 300w, https:\/\/karinthomas.eu\/wp-content\/uploads\/2016\/02\/9-gl-Thomas-2093.jpg 600w\" sizes=\"(max-width: 300px) 100vw, 300px\" \/><\/a><p id=\"caption-attachment-191\" class=\"wp-caption-text\">2006 Im Arch\u00e4ologischen Nationalmuseum Athen<br \/>Foto: privat<\/p><\/div><\/td>\n<\/tr>\n<tr>\n<td>\n<p><div id=\"attachment_189\" style=\"width: 243px\" class=\"wp-caption aligncenter\"><a href=\"https:\/\/karinthomas.eu\/wp-content\/uploads\/2016\/02\/9-gl-Thomas-2006.jpg\"  rel=\"lightbox[344] attachment wp-att-189\"><img aria-describedby=\"caption-attachment-189\" loading=\"lazy\" class=\"size-medium wp-image-189\" src=\"https:\/\/karinthomas.eu\/wp-content\/uploads\/2016\/02\/9-gl-Thomas-2006-233x300.jpg\" alt=\"2007 Documenta 12: Wilhelmsh\u00f6he Foto: privat\" width=\"233\" height=\"300\" srcset=\"https:\/\/karinthomas.eu\/wp-content\/uploads\/2016\/02\/9-gl-Thomas-2006-233x300.jpg 233w, https:\/\/karinthomas.eu\/wp-content\/uploads\/2016\/02\/9-gl-Thomas-2006.jpg 466w\" sizes=\"(max-width: 233px) 100vw, 233px\" \/><\/a><p id=\"caption-attachment-189\" class=\"wp-caption-text\">2007 Documenta 12: Wilhelmsh\u00f6he<br \/>Foto: privat<\/p><\/div><\/td>\n<\/tr>\n<tr>\n<td>\n<p><div id=\"attachment_201\" style=\"width: 235px\" class=\"wp-caption aligncenter\"><a href=\"https:\/\/karinthomas.eu\/wp-content\/uploads\/2016\/02\/9-gl-Thomas-7651.jpg\"  rel=\"lightbox[344] attachment wp-att-201\"><img aria-describedby=\"caption-attachment-201\" loading=\"lazy\" class=\"size-medium wp-image-201\" src=\"https:\/\/karinthomas.eu\/wp-content\/uploads\/2016\/02\/9-gl-Thomas-7651-225x300.jpg\" alt=\"2008 Wien, Belvedere: Auf dem Weg zu Klimt und Schiele Foto: privat\" width=\"225\" height=\"300\" srcset=\"https:\/\/karinthomas.eu\/wp-content\/uploads\/2016\/02\/9-gl-Thomas-7651-225x300.jpg 225w, https:\/\/karinthomas.eu\/wp-content\/uploads\/2016\/02\/9-gl-Thomas-7651.jpg 450w\" sizes=\"(max-width: 225px) 100vw, 225px\" \/><\/a><p id=\"caption-attachment-201\" class=\"wp-caption-text\">2008 Wien, Belvedere: Auf dem Weg zu Klimt und Schiele<br \/>Foto: privat<\/p><\/div><\/td>\n<\/tr>\n<tr>\n<td>\n<p><div id=\"attachment_187\" style=\"width: 310px\" class=\"wp-caption aligncenter\"><a href=\"https:\/\/karinthomas.eu\/wp-content\/uploads\/2016\/02\/9-4-im-Bild1-2537.jpg\"  rel=\"lightbox[344] attachment wp-att-187\"><img aria-describedby=\"caption-attachment-187\" loading=\"lazy\" class=\"size-medium wp-image-187\" src=\"https:\/\/karinthomas.eu\/wp-content\/uploads\/2016\/02\/9-4-im-Bild1-2537-300x211.jpg\" alt=\"2011 Art Cologne: Heinz Mack-Raum (Galerie Samuelis Baumgarte)\" width=\"300\" height=\"211\" srcset=\"https:\/\/karinthomas.eu\/wp-content\/uploads\/2016\/02\/9-4-im-Bild1-2537-300x211.jpg 300w, https:\/\/karinthomas.eu\/wp-content\/uploads\/2016\/02\/9-4-im-Bild1-2537-768x540.jpg 768w, https:\/\/karinthomas.eu\/wp-content\/uploads\/2016\/02\/9-4-im-Bild1-2537.jpg 800w\" sizes=\"(max-width: 300px) 100vw, 300px\" \/><\/a><p id=\"caption-attachment-187\" class=\"wp-caption-text\">2011 Art Cologne: Heinz Mack-Raum (Galerie Samuelis Baumgarte)<\/p><\/div><\/td>\n<\/tr>\n<\/tbody>\n<\/table>\n","protected":false},"excerpt":{"rendered":"<p>Galerie<\/p>\n","protected":false},"author":1,"featured_media":0,"parent":0,"menu_order":0,"comment_status":"closed","ping_status":"closed","template":"","meta":[],"_links":{"self":[{"href":"https:\/\/karinthomas.eu\/index.php?rest_route=\/wp\/v2\/pages\/344"}],"collection":[{"href":"https:\/\/karinthomas.eu\/index.php?rest_route=\/wp\/v2\/pages"}],"about":[{"href":"https:\/\/karinthomas.eu\/index.php?rest_route=\/wp\/v2\/types\/page"}],"author":[{"embeddable":true,"href":"https:\/\/karinthomas.eu\/index.php?rest_route=\/wp\/v2\/users\/1"}],"replies":[{"embeddable":true,"href":"https:\/\/karinthomas.eu\/index.php?rest_route=%2Fwp%2Fv2%2Fcomments&post=344"}],"version-history":[{"count":4,"href":"https:\/\/karinthomas.eu\/index.php?rest_route=\/wp\/v2\/pages\/344\/revisions"}],"predecessor-version":[{"id":348,"href":"https:\/\/karinthomas.eu\/index.php?rest_route=\/wp\/v2\/pages\/344\/revisions\/348"}],"wp:attachment":[{"href":"https:\/\/karinthomas.eu\/index.php?rest_route=%2Fwp%2Fv2%2Fmedia&parent=344"}],"curies":[{"name":"wp","href":"https:\/\/api.w.org\/{rel}","templated":true}]}}